{"id":1002,"date":"2024-03-05T15:46:43","date_gmt":"2024-03-05T15:46:43","guid":{"rendered":"https:\/\/www.dmpspa.it\/?page_id=1002"},"modified":"2024-03-05T15:50:29","modified_gmt":"2024-03-05T15:50:29","slug":"cookie-policy","status":"publish","type":"page","link":"https:\/\/www.dmpspa.it\/en\/cookie-policy\/","title":{"rendered":"Cookie Policy"},"content":{"rendered":"<div data-elementor-type=\"wp-page\" data-elementor-id=\"1002\" class=\"elementor elementor-1002\">\n\t\t\t\t<div class=\"elementor-element elementor-element-1963c85c e-flex e-con-boxed wpr-particle-no wpr-jarallax-no wpr-parallax-no wpr-sticky-section-no e-con e-parent\" data-id=\"1963c85c\" data-element_type=\"container\" data-core-v316-plus=\"true\">\n\t\t\t\t\t<div class=\"e-con-inner\">\n\t\t\t\t<div class=\"elementor-element elementor-element-4448dc68 elementor-widget elementor-widget-text-editor\" data-id=\"4448dc68\" data-element_type=\"widget\" data-widget_type=\"text-editor.default\">\n\t\t\t\t<div class=\"elementor-widget-container\">\n\t\t\t<style>\/*! elementor - v3.20.0 - 20-03-2024 *\/\n.elementor-widget-text-editor.elementor-drop-cap-view-stacked .elementor-drop-cap{background-color:#69727d;color:#fff}.elementor-widget-text-editor.elementor-drop-cap-view-framed .elementor-drop-cap{color:#69727d;border:3px solid;background-color:transparent}.elementor-widget-text-editor:not(.elementor-drop-cap-view-default) .elementor-drop-cap{margin-top:8px}.elementor-widget-text-editor:not(.elementor-drop-cap-view-default) .elementor-drop-cap-letter{width:1em;height:1em}.elementor-widget-text-editor .elementor-drop-cap{float:left;text-align:center;line-height:1;font-size:50px}.elementor-widget-text-editor .elementor-drop-cap-letter{display:inline-block}<\/style>\t\t\t\t<!-- wp:heading -->\n<h1>INFORMATIVA SUI COOKIE<\/h1>\n<p>DMP S.p.a.<\/p>\n<p>Strada Trossi, 43<br \/>13871 Verrone (BI)<\/p>\n<p>REG. IMP. BIELLA 00508220027 \u2013 REA CCIAA BIELLA 125300<\/p>\n<p>COD. MEC. BI006915 \u2013 Cod. Fisc. P. IVA IT00508220027<\/p>\n<p>Share capital \u20ac 520.000 I.V<\/p>\n<p>\u00a0<\/p>\n<p>COOKIE &#8211; Che cosa sono<br \/>Un cookie \u00e8 un semplice file di testo che viene memorizzato sul computer o dispositivo mobile dell\u2019utente dal server di un sito web e che pu\u00f2 essere letto o recuperato dal server stesso. Esso contiene alcune informazioni e permette al sito web di ricordare, ad esempio, le preferenze dell\u2019utente o i prodotti del suo carrello. La Direttiva sulle Comunicazioni Elettroniche e il Provvedimento del Garante Privacy dell\u20198 maggio 2014, n. 229, in materia di \u201cIndividuazione delle modalit\u00e0 semplificative per l&#8217;informativa e l&#8217;acquisizione del consenso per l&#8217;uso dei cookie\u201d, prevedono che l\u2019utilizzo dei cookie possa essere ammesso solo con il consenso dell\u2019utente.<\/p>\n<p>Perch\u00e8 usiamo i Cookie<br \/>Dmp S.p.a. potrebbe utilizzare i cookie per diversi motivi. In alcune parti del nostro sito i cookie sono funzionali a raccogliere dati aggregati sulle attivit\u00e0 svolte dall&#8217;utente sul sito web, ad esempio, riconoscendo l&#8217;utente che torna a visitare un sito. Questi cookie non raccolgono dati che permettono di identificare l&#8217;utente e tutte le informazioni sono raccolte in forma anonima.<br \/>Tipologie di cookie utilizzati<br \/>Abbiamo classificato i cookie che usiamo in base al loro tipo di utilizzo in:<br \/>1) Cookie TECNICI DI SESSIONE<br \/>2) Cookie di TERZA PARTE COOKIE TECNICI<\/p>\n<p>a) COOKIE DI NAVIGAZIONE O DI SESSIONE<br \/>Sono utilizzati al fine di effettuare la trasmissione di una comunicazione su una rete di comunicazione elettronica, e strettamente necessari per consentire apposite funzionalit\u00e0 richieste che garantiscono la normale navigazione e fruizione del sito web (permettendo, ad esempio, di realizzare un acquisto o autenticarsi per accedere ad aree riservate). Tali cookie possono essere poi distinti in ragione della loro persistenza sul terminale dell\u2019utente: quelli che si cancellano automaticamente alla fine di ogni navigazione, si chiamano \u201csession cookie\u201d (ad esempio il gi\u00e0 citato carrello di acquisti on line). Se viceversa essi hanno una vita pi\u00f9 lunga, si parla di cookie permanenti. Per l&#8217;installazione di tali cookie non \u00e8 richiesto il preventivo consenso dell\u2019utente. Ecco una lista dei cookie Tecnici di sessione:<br \/>COOKIE DI TERZA PARTE<br \/>I cookie di \u201cterza parte\u201d sono legati ai servizi forniti da terze parti. Il soggetto terzo fornisce questi servizi in cambio di informazioni in merito alla visita dell\u2019utente al nostro sito. Ne discende anche per i terzi fornitori di cookie l\u2019obbligo di rispettare la normativa in materia. Per tale motivo rimandiamo ai link delle pagine web del sito della terza parte, nelle quali l\u2019utente potr\u00e0 trovare i moduli di raccolta del consenso ai cookie e le loro relative informative.<\/p>\n<p>I cookie da noi utilizzati (Tecnici) sono:<br \/>Nome Cookie<br \/>bk.webfonts.format<br \/>URL: http :\/\/dmpspa.it\/contatti<br \/>Descrizione dello scopo dei cookie: Il cookie viene utilizzato contestualmente alla funzione di archiviazione locale nel browser. Qu esta funzione consente al sito d i caricarsi pi\u00f9 velocemente pre-caricando determinate procedure.<br \/>Origine: Script in line<br \/>Dati inviati in: Italia (adeguato )<br \/>Paese adeg uato secondo il GDPR (U E)<\/p>\n<p>bk.webfonts.published.woff.playfair_<br \/>URL: http :\/\/dmpspa.it\/contatti<br \/>Descrizione dello scopo dei cookie: Tiene traccia dei caratteri speciali utilizzati sul sito web per l&#8217;analisi interna. Il cookie non registra alcun dato di visitatore.<br \/>Origine: Script in line<br \/>Dati inviati in: Italia (adeguato)<br \/>Paese adeguato secondo il DPR (U E)<\/p>\n<p>bk.webfonts.published.woff.playfair_<br \/>URL: http :\/\/dmpspa.it\/contatti<br \/>Descrizione dello scopo dei cookie: Tiene traccia dei caratteri speciali utilizzati sul sito web per l&#8217;analisi interna. Il cookie non registra alcun dato di visitatore.<br \/>Origine: Script in line<br \/>Dati inviati in: Italia (adeguato)<br \/>Paese adeguato secondo il GDPR (U E)<\/p>\n<p>SEZIONE DI IMPOSTAZIONE DEI COOKIE<br \/>Attraverso questa pagina \u00e8 possibile scegliere se accettare o meno i cookie che vengono impostati dal nostro sito e dai nostri fornitori. Nel caso in cui si scelga di disabilitare i cookie tecnici, vi \u00e8 la possibilit\u00e0 del venire meno della fornitura di qualche funzionalit\u00e0 del sito web.<br \/>Novalfa Group S.r.l. non \u00e8 responsabile per il contenuto di siti web di terzi che possono impostare o meno i cookie.<br \/>IMPOSTAZIONI DEL BROWSER: COME FACCIO A CONTROLLARE I COOKIE<br \/>La sezione di &#8220;Guida&#8221; del browser dell\u2019utente dovrebbe essere in grado di aiutare alla gestione delle impostazioni dei cookie. Se non si desidera ricevere cookie, \u00e8 possibile modificare il browser in modo che da essere informati su quando essi vengono inviati. \u00c8 anche possibile eliminare in qualsiasi momento i cookie che sono gi\u00e0 stati memorizzati, tramite le impostazioni del browser.<br \/>Internet Explorer<br \/>http:\/\/windows.microsoft.com\/it-IT\/windows7\/Block-enable-or-allow-cookies<br \/>Google Chrome<br \/>https:\/\/support.google.com\/chrome\/bin\/answer.py?hl=it-IT&amp;answer=95647&amp;p=cpn_cookies<br \/>Mozilla Firefox<br \/>http:\/\/support.mozilla.org\/it\/kb\/Bloccare%20i%20cookie?redirectlocale=en-US&amp;redirectslug=Blocking+cookies<br \/>Apple Safari<br \/>http:\/\/www.apple.com\/it\/privacy\/use-of-cookies\/<br \/>Dove \u00e8 possibile reperire maggiori informazioni sui cookie:<br \/>http:\/\/www.allaboutcookie.org<br \/>http:\/\/www.aboutcookies.org\/<br \/>http:\/\/www.youronlinechoices.com\/it<\/p>\n<!-- \/wp:paragraph -->\t\t\t\t\t\t<\/div>\n\t\t\t\t<\/div>\n\t\t\t\t\t<\/div>\n\t\t\t\t<\/div>\n\t\t\t\t<\/div>","protected":false},"excerpt":{"rendered":"<p>INFORMATIVA SUI COOKIE DMP S.p.a. Strada Trossi, 4313871 Verrone (BI) REG. IMP. BIELLA 00508220027 \u2013 REA CCIAA BIELLA 125300 COD. MEC. BI006915 \u2013 Cod. Fisc. P. IVA IT00508220027 Cap. Soc. \u20ac 520.000 I.V \u00a0 COOKIE &#8211; Che cosa sonoUn cookie \u00e8 un semplice file di testo che viene memorizzato sul computer o dispositivo mobile dell\u2019utente [&hellip;]<\/p>","protected":false},"author":2,"featured_media":0,"parent":0,"menu_order":0,"comment_status":"closed","ping_status":"closed","template":"","meta":{"footnotes":""},"class_list":["post-1002","page","type-page","status-publish","hentry"],"yoast_head":"<!-- This site is optimized with the Yoast SEO plugin v22.3 - https:\/\/yoast.com\/wordpress\/plugins\/seo\/ -->\n<title>Cookie Policy - DMP S.p.a.<\/title>\n<meta name=\"robots\" content=\"index, follow, max-snippet:-1, max-image-preview:large, max-video-preview:-1\" \/>\n<link rel=\"canonical\" href=\"https:\/\/www.dmpspa.it\/en\/cookie-policy\/\" \/>\n<meta property=\"og:locale\" content=\"en_GB\" \/>\n<meta property=\"og:type\" content=\"article\" \/>\n<meta property=\"og:title\" content=\"Cookie Policy - DMP S.p.a.\" \/>\n<meta property=\"og:description\" content=\"INFORMATIVA SUI COOKIE DMP S.p.a. Strada Trossi, 4313871 Verrone (BI) REG. IMP. BIELLA 00508220027 \u2013 REA CCIAA BIELLA 125300 COD. MEC. BI006915 \u2013 Cod. Fisc. P. IVA IT00508220027 Cap. Soc. \u20ac 520.000 I.V \u00a0 COOKIE &#8211; Che cosa sonoUn cookie \u00e8 un semplice file di testo che viene memorizzato sul computer o dispositivo mobile dell\u2019utente [&hellip;]\" \/>\n<meta property=\"og:url\" content=\"https:\/\/www.dmpspa.it\/en\/cookie-policy\/\" \/>\n<meta property=\"og:site_name\" content=\"DMP S.p.a.\" \/>\n<meta property=\"article:modified_time\" content=\"2024-03-05T15:50:29+00:00\" \/>\n<meta name=\"twitter:card\" content=\"summary_large_image\" \/>\n<meta name=\"twitter:label1\" content=\"Estimated reading time\" \/>\n\t<meta name=\"twitter:data1\" content=\"5 minutes\" \/>\n<script type=\"application\/ld+json\" class=\"yoast-schema-graph\">{\"@context\":\"https:\/\/schema.org\",\"@graph\":[{\"@type\":\"WebPage\",\"@id\":\"https:\/\/www.dmpspa.it\/cookie-policy\/\",\"url\":\"https:\/\/www.dmpspa.it\/cookie-policy\/\",\"name\":\"Cookie Policy - DMP S.p.a.\",\"isPartOf\":{\"@id\":\"https:\/\/www.dmpspa.it\/#website\"},\"datePublished\":\"2024-03-05T15:46:43+00:00\",\"dateModified\":\"2024-03-05T15:50:29+00:00\",\"breadcrumb\":{\"@id\":\"https:\/\/www.dmpspa.it\/cookie-policy\/#breadcrumb\"},\"inLanguage\":\"en-GB\",\"potentialAction\":[{\"@type\":\"ReadAction\",\"target\":[\"https:\/\/www.dmpspa.it\/cookie-policy\/\"]}]},{\"@type\":\"BreadcrumbList\",\"@id\":\"https:\/\/www.dmpspa.it\/cookie-policy\/#breadcrumb\",\"itemListElement\":[{\"@type\":\"ListItem\",\"position\":1,\"name\":\"Home\",\"item\":\"https:\/\/www.dmpspa.it\/\"},{\"@type\":\"ListItem\",\"position\":2,\"name\":\"Cookie Policy\"}]},{\"@type\":\"WebSite\",\"@id\":\"https:\/\/www.dmpspa.it\/#website\",\"url\":\"https:\/\/www.dmpspa.it\/\",\"name\":\"DMP S.p.a.\",\"description\":\"Divisione Materie Prime\",\"publisher\":{\"@id\":\"https:\/\/www.dmpspa.it\/#organization\"},\"potentialAction\":[{\"@type\":\"SearchAction\",\"target\":{\"@type\":\"EntryPoint\",\"urlTemplate\":\"https:\/\/www.dmpspa.it\/?s={search_term_string}\"},\"query-input\":\"required name=search_term_string\"}],\"inLanguage\":\"en-GB\"},{\"@type\":\"Organization\",\"@id\":\"https:\/\/www.dmpspa.it\/#organization\",\"name\":\"DMP S.p.a.\",\"url\":\"https:\/\/www.dmpspa.it\/\",\"logo\":{\"@type\":\"ImageObject\",\"inLanguage\":\"en-GB\",\"@id\":\"https:\/\/www.dmpspa.it\/#\/schema\/logo\/image\/\",\"url\":\"https:\/\/www.dmpspa.it\/wp-content\/uploads\/2024\/01\/cropped-LOGO-MIN-1.png\",\"contentUrl\":\"https:\/\/www.dmpspa.it\/wp-content\/uploads\/2024\/01\/cropped-LOGO-MIN-1.png\",\"width\":724,\"height\":885,\"caption\":\"DMP S.p.a.\"},\"image\":{\"@id\":\"https:\/\/www.dmpspa.it\/#\/schema\/logo\/image\/\"}}]}<\/script>\n<!-- \/ Yoast SEO plugin. -->","yoast_head_json":{"title":"Cookie Policy - DMP S.p.a.","robots":{"index":"index","follow":"follow","max-snippet":"max-snippet:-1","max-image-preview":"max-image-preview:large","max-video-preview":"max-video-preview:-1"},"canonical":"https:\/\/www.dmpspa.it\/en\/cookie-policy\/","og_locale":"en_GB","og_type":"article","og_title":"Cookie Policy - DMP S.p.a.","og_description":"INFORMATIVA SUI COOKIE DMP S.p.a. Strada Trossi, 4313871 Verrone (BI) REG. IMP. BIELLA 00508220027 \u2013 REA CCIAA BIELLA 125300 COD. MEC. BI006915 \u2013 Cod. Fisc. P. IVA IT00508220027 Cap. Soc. \u20ac 520.000 I.V \u00a0 COOKIE &#8211; Che cosa sonoUn cookie \u00e8 un semplice file di testo che viene memorizzato sul computer o dispositivo mobile dell\u2019utente [&hellip;]","og_url":"https:\/\/www.dmpspa.it\/en\/cookie-policy\/","og_site_name":"DMP S.p.a.","article_modified_time":"2024-03-05T15:50:29+00:00","twitter_card":"summary_large_image","twitter_misc":{"Estimated reading time":"5 minutes"},"schema":{"@context":"https:\/\/schema.org","@graph":[{"@type":"WebPage","@id":"https:\/\/www.dmpspa.it\/cookie-policy\/","url":"https:\/\/www.dmpspa.it\/cookie-policy\/","name":"Cookie Policy - DMP S.p.a.","isPartOf":{"@id":"https:\/\/www.dmpspa.it\/#website"},"datePublished":"2024-03-05T15:46:43+00:00","dateModified":"2024-03-05T15:50:29+00:00","breadcrumb":{"@id":"https:\/\/www.dmpspa.it\/cookie-policy\/#breadcrumb"},"inLanguage":"en-GB","potentialAction":[{"@type":"ReadAction","target":["https:\/\/www.dmpspa.it\/cookie-policy\/"]}]},{"@type":"BreadcrumbList","@id":"https:\/\/www.dmpspa.it\/cookie-policy\/#breadcrumb","itemListElement":[{"@type":"ListItem","position":1,"name":"Home","item":"https:\/\/www.dmpspa.it\/"},{"@type":"ListItem","position":2,"name":"Cookie Policy"}]},{"@type":"WebSite","@id":"https:\/\/www.dmpspa.it\/#website","url":"https:\/\/www.dmpspa.it\/","name":"DMP S.p.a.","description":"Divisione Materie Prime","publisher":{"@id":"https:\/\/www.dmpspa.it\/#organization"},"potentialAction":[{"@type":"SearchAction","target":{"@type":"EntryPoint","urlTemplate":"https:\/\/www.dmpspa.it\/?s={search_term_string}"},"query-input":"required name=search_term_string"}],"inLanguage":"en-GB"},{"@type":"Organization","@id":"https:\/\/www.dmpspa.it\/#organization","name":"DMP S.p.a.","url":"https:\/\/www.dmpspa.it\/","logo":{"@type":"ImageObject","inLanguage":"en-GB","@id":"https:\/\/www.dmpspa.it\/#\/schema\/logo\/image\/","url":"https:\/\/www.dmpspa.it\/wp-content\/uploads\/2024\/01\/cropped-LOGO-MIN-1.png","contentUrl":"https:\/\/www.dmpspa.it\/wp-content\/uploads\/2024\/01\/cropped-LOGO-MIN-1.png","width":724,"height":885,"caption":"DMP S.p.a."},"image":{"@id":"https:\/\/www.dmpspa.it\/#\/schema\/logo\/image\/"}}]}},"_links":{"self":[{"href":"https:\/\/www.dmpspa.it\/en\/wp-json\/wp\/v2\/pages\/1002","targetHints":{"allow":["GET"]}}],"collection":[{"href":"https:\/\/www.dmpspa.it\/en\/wp-json\/wp\/v2\/pages"}],"about":[{"href":"https:\/\/www.dmpspa.it\/en\/wp-json\/wp\/v2\/types\/page"}],"author":[{"embeddable":true,"href":"https:\/\/www.dmpspa.it\/en\/wp-json\/wp\/v2\/users\/2"}],"replies":[{"embeddable":true,"href":"https:\/\/www.dmpspa.it\/en\/wp-json\/wp\/v2\/comments?post=1002"}],"version-history":[{"count":4,"href":"https:\/\/www.dmpspa.it\/en\/wp-json\/wp\/v2\/pages\/1002\/revisions"}],"predecessor-version":[{"id":1006,"href":"https:\/\/www.dmpspa.it\/en\/wp-json\/wp\/v2\/pages\/1002\/revisions\/1006"}],"wp:attachment":[{"href":"https:\/\/www.dmpspa.it\/en\/wp-json\/wp\/v2\/media?parent=1002"}],"curies":[{"name":"wp","href":"https:\/\/api.w.org\/{rel}","templated":true}]}}